{"id":35,"date":"2016-08-12T21:12:51","date_gmt":"2016-08-12T19:12:51","guid":{"rendered":"http:\/\/www.waldbar.com\/?page_id=35"},"modified":"2018-01-15T14:35:25","modified_gmt":"2018-01-15T13:35:25","slug":"eventlocation","status":"publish","type":"page","link":"https:\/\/www.waldbar.com\/?page_id=35","title":{"rendered":"Event-und Kulturlocation"},"content":{"rendered":"<div id=\"pl-35\"  class=\"panel-layout\" ><div id=\"pg-35-0\"  class=\"panel-grid panel-no-style\" ><div id=\"pgc-35-0-0\"  class=\"panel-grid-cell\" ><div id=\"panel-35-0-0-0\" class=\"so-panel widget widget_sow-image panel-first-child panel-last-child\" data-index=\"0\" ><div\n\t\t\t\n\t\t\tclass=\"so-widget-sow-image so-widget-sow-image-default-8b5b6f678277-35\"\n\t\t\t\n\t\t>\n\n<div class=\"sow-image-container\">\n\t\t<img decoding=\"async\" src=\"https:\/\/www.waldbar.com\/wp-content\/uploads\/2016\/08\/IMG_1897.jpg\" width=\"1037\" height=\"691\" srcset=\"https:\/\/www.waldbar.com\/wp-content\/uploads\/2016\/08\/IMG_1897.jpg 1037w, https:\/\/www.waldbar.com\/wp-content\/uploads\/2016\/08\/IMG_1897-300x200.jpg 300w, https:\/\/www.waldbar.com\/wp-content\/uploads\/2016\/08\/IMG_1897-768x512.jpg 768w, https:\/\/www.waldbar.com\/wp-content\/uploads\/2016\/08\/IMG_1897-1024x682.jpg 1024w, https:\/\/www.waldbar.com\/wp-content\/uploads\/2016\/08\/IMG_1897-272x182.jpg 272w, https:\/\/www.waldbar.com\/wp-content\/uploads\/2016\/08\/IMG_1897-120x80.jpg 120w\" sizes=\"(max-width: 1037px) 100vw, 1037px\" alt=\"\" loading=\"lazy\" \t\tclass=\"so-widget-image\"\/>\n\t<\/div>\n\n<\/div><\/div><\/div><div id=\"pgc-35-0-1\"  class=\"panel-grid-cell\" ><div id=\"panel-35-0-1-0\" class=\"so-panel widget widget_sow-image panel-first-child panel-last-child\" data-index=\"1\" ><div\n\t\t\t\n\t\t\tclass=\"so-widget-sow-image so-widget-sow-image-default-8b5b6f678277-35\"\n\t\t\t\n\t\t>\n\n<div class=\"sow-image-container\">\n\t\t<img decoding=\"async\" src=\"https:\/\/www.waldbar.com\/wp-content\/uploads\/2016\/08\/IMG_1900.jpg\" width=\"1037\" height=\"691\" srcset=\"https:\/\/www.waldbar.com\/wp-content\/uploads\/2016\/08\/IMG_1900.jpg 1037w, https:\/\/www.waldbar.com\/wp-content\/uploads\/2016\/08\/IMG_1900-300x200.jpg 300w, https:\/\/www.waldbar.com\/wp-content\/uploads\/2016\/08\/IMG_1900-768x512.jpg 768w, https:\/\/www.waldbar.com\/wp-content\/uploads\/2016\/08\/IMG_1900-1024x682.jpg 1024w, https:\/\/www.waldbar.com\/wp-content\/uploads\/2016\/08\/IMG_1900-272x182.jpg 272w, https:\/\/www.waldbar.com\/wp-content\/uploads\/2016\/08\/IMG_1900-120x80.jpg 120w\" sizes=\"(max-width: 1037px) 100vw, 1037px\" alt=\"\" loading=\"lazy\" \t\tclass=\"so-widget-image\"\/>\n\t<\/div>\n\n<\/div><\/div><\/div><div id=\"pgc-35-0-2\"  class=\"panel-grid-cell\" ><div id=\"panel-35-0-2-0\" class=\"so-panel widget widget_sow-image panel-first-child panel-last-child\" data-index=\"2\" ><div\n\t\t\t\n\t\t\tclass=\"so-widget-sow-image so-widget-sow-image-default-8b5b6f678277-35\"\n\t\t\t\n\t\t>\n\n<div class=\"sow-image-container\">\n\t\t<img decoding=\"async\" src=\"https:\/\/www.waldbar.com\/wp-content\/uploads\/2016\/08\/IMG_1901.jpg\" width=\"1037\" height=\"691\" srcset=\"https:\/\/www.waldbar.com\/wp-content\/uploads\/2016\/08\/IMG_1901.jpg 1037w, https:\/\/www.waldbar.com\/wp-content\/uploads\/2016\/08\/IMG_1901-300x200.jpg 300w, https:\/\/www.waldbar.com\/wp-content\/uploads\/2016\/08\/IMG_1901-768x512.jpg 768w, https:\/\/www.waldbar.com\/wp-content\/uploads\/2016\/08\/IMG_1901-1024x682.jpg 1024w, https:\/\/www.waldbar.com\/wp-content\/uploads\/2016\/08\/IMG_1901-272x182.jpg 272w, https:\/\/www.waldbar.com\/wp-content\/uploads\/2016\/08\/IMG_1901-120x80.jpg 120w\" sizes=\"(max-width: 1037px) 100vw, 1037px\" alt=\"\" loading=\"lazy\" \t\tclass=\"so-widget-image\"\/>\n\t<\/div>\n\n<\/div><\/div><\/div><div id=\"pgc-35-0-3\"  class=\"panel-grid-cell\" ><div id=\"panel-35-0-3-0\" class=\"so-panel widget widget_sow-image panel-first-child panel-last-child\" data-index=\"3\" ><div\n\t\t\t\n\t\t\tclass=\"so-widget-sow-image so-widget-sow-image-default-8b5b6f678277-35\"\n\t\t\t\n\t\t>\n\n<div class=\"sow-image-container\">\n\t\t<img decoding=\"async\" src=\"https:\/\/www.waldbar.com\/wp-content\/uploads\/2016\/08\/IMG_1905.jpg\" width=\"1037\" height=\"691\" srcset=\"https:\/\/www.waldbar.com\/wp-content\/uploads\/2016\/08\/IMG_1905.jpg 1037w, https:\/\/www.waldbar.com\/wp-content\/uploads\/2016\/08\/IMG_1905-300x200.jpg 300w, https:\/\/www.waldbar.com\/wp-content\/uploads\/2016\/08\/IMG_1905-768x512.jpg 768w, https:\/\/www.waldbar.com\/wp-content\/uploads\/2016\/08\/IMG_1905-1024x682.jpg 1024w, https:\/\/www.waldbar.com\/wp-content\/uploads\/2016\/08\/IMG_1905-272x182.jpg 272w, https:\/\/www.waldbar.com\/wp-content\/uploads\/2016\/08\/IMG_1905-120x80.jpg 120w\" sizes=\"(max-width: 1037px) 100vw, 1037px\" alt=\"\" loading=\"lazy\" \t\tclass=\"so-widget-image\"\/>\n\t<\/div>\n\n<\/div><\/div><\/div><\/div><div id=\"pg-35-1\"  class=\"panel-grid panel-no-style\" ><div id=\"pgc-35-1-0\"  class=\"panel-grid-cell\" ><div id=\"panel-35-1-0-0\" class=\"so-panel widget widget_text panel-first-child panel-last-child\" data-index=\"4\" ><h3 class=\"widget-title\">EVENT- UND KULTURLOCATION IM WALD<\/h3>\t\t\t<div class=\"textwidget\"><p><strong>TRADITION MIT MODERNEM EVENT-CHARAKTER<\/strong><br \/>\nDie Waldbar bietet Ihnen in Kooperation mit erfahrenen Mescheder Caterern und Gastronomen vielf\u00e4ltige M\u00f6glichkeiten unterschiedliche Anl\u00e4sse in gem\u00fctlicher aber auch moderner Atmosph\u00e4re zu feiern. Ob Sie Ihre Feier in Eigenregie managen m\u00f6chten oder ob Sie sich f\u00fcr unsere Packages inklusive Service und Catering entscheiden. Eine Feier im Winter oder im Sommer, bei Sonne oder Regen. Die Waldbar bietet alle M\u00f6glichkeiten und mit einem erfahrenen Team unterst\u00fctzen wir  Sie dabei Ihre Vorstellungen zu realisieren. F\u00fcr die Zukunft sind regelm\u00e4\u00dfig wiederkehrende sowohl traditionelle Veranstaltungen als auch Themenevents geplant, \u00fcber die wir fr\u00fchzeitig informieren werden.<\/p>\n<p>Die Waldbar soll f\u00fcr Meschede Event- und Kulturlocation sein:<br \/>\n- Ein Veranstaltungsort f\u00fcr Meschede sein, der in unterschiedlicher Art f\u00fcr Feiern buchbar ist<br \/>\n- Ein Ort f\u00fcr Meschede sein, wo Schulen und Kinderg\u00e4rten sowie Vereine und Freundeskreise die M\u00f6glichkeit haben, Treffen, Klassenfeiern sowie Abschlussfeiern auszurichten<br \/>\n- Ein Ort f\u00fcr Meschede sein, an dem Kulturveranstaltungen in Kooperation mit der Mescheder Kulturszene durchgef\u00fchrt werden k\u00f6nnen<br \/>\n- Ein Ort f\u00fcr Meschede, der regelm\u00e4\u00dfig besondere Events bietet<\/p>\n<\/div>\n\t\t<\/div><\/div><\/div><div id=\"pg-35-2\"  class=\"panel-grid panel-no-style\" ><div id=\"pgc-35-2-0\"  class=\"panel-grid-cell\" ><div id=\"panel-35-2-0-0\" class=\"so-panel widget widget_sow-image panel-first-child panel-last-child\" data-index=\"5\" ><div\n\t\t\t\n\t\t\tclass=\"so-widget-sow-image so-widget-sow-image-default-8b5b6f678277-35\"\n\t\t\t\n\t\t>\n\n<div class=\"sow-image-container\">\n\t\t<img decoding=\"async\" src=\"https:\/\/www.waldbar.com\/wp-content\/uploads\/2016\/08\/IMG_1915.jpg\" width=\"1037\" height=\"691\" srcset=\"https:\/\/www.waldbar.com\/wp-content\/uploads\/2016\/08\/IMG_1915.jpg 1037w, https:\/\/www.waldbar.com\/wp-content\/uploads\/2016\/08\/IMG_1915-300x200.jpg 300w, https:\/\/www.waldbar.com\/wp-content\/uploads\/2016\/08\/IMG_1915-768x512.jpg 768w, https:\/\/www.waldbar.com\/wp-content\/uploads\/2016\/08\/IMG_1915-1024x682.jpg 1024w, https:\/\/www.waldbar.com\/wp-content\/uploads\/2016\/08\/IMG_1915-272x182.jpg 272w, https:\/\/www.waldbar.com\/wp-content\/uploads\/2016\/08\/IMG_1915-120x80.jpg 120w\" sizes=\"(max-width: 1037px) 100vw, 1037px\" alt=\"\" loading=\"lazy\" \t\tclass=\"so-widget-image\"\/>\n\t<\/div>\n\n<\/div><\/div><\/div><div id=\"pgc-35-2-1\"  class=\"panel-grid-cell\" ><div id=\"panel-35-2-1-0\" class=\"so-panel widget widget_sow-image panel-first-child panel-last-child\" data-index=\"6\" ><div\n\t\t\t\n\t\t\tclass=\"so-widget-sow-image so-widget-sow-image-default-8b5b6f678277-35\"\n\t\t\t\n\t\t>\n\n<div class=\"sow-image-container\">\n\t\t<img decoding=\"async\" src=\"https:\/\/www.waldbar.com\/wp-content\/uploads\/2016\/08\/IMG_1916.jpg\" width=\"1037\" height=\"691\" srcset=\"https:\/\/www.waldbar.com\/wp-content\/uploads\/2016\/08\/IMG_1916.jpg 1037w, https:\/\/www.waldbar.com\/wp-content\/uploads\/2016\/08\/IMG_1916-300x200.jpg 300w, https:\/\/www.waldbar.com\/wp-content\/uploads\/2016\/08\/IMG_1916-768x512.jpg 768w, https:\/\/www.waldbar.com\/wp-content\/uploads\/2016\/08\/IMG_1916-1024x682.jpg 1024w, https:\/\/www.waldbar.com\/wp-content\/uploads\/2016\/08\/IMG_1916-272x182.jpg 272w, https:\/\/www.waldbar.com\/wp-content\/uploads\/2016\/08\/IMG_1916-120x80.jpg 120w\" sizes=\"(max-width: 1037px) 100vw, 1037px\" alt=\"\" loading=\"lazy\" \t\tclass=\"so-widget-image\"\/>\n\t<\/div>\n\n<\/div><\/div><\/div><div id=\"pgc-35-2-2\"  class=\"panel-grid-cell\" ><div id=\"panel-35-2-2-0\" class=\"so-panel widget widget_sow-image panel-first-child panel-last-child\" data-index=\"7\" ><div\n\t\t\t\n\t\t\tclass=\"so-widget-sow-image so-widget-sow-image-default-8b5b6f678277-35\"\n\t\t\t\n\t\t>\n\n<div class=\"sow-image-container\">\n\t\t<img decoding=\"async\" src=\"https:\/\/www.waldbar.com\/wp-content\/uploads\/2016\/08\/IMG_1911.jpg\" width=\"1037\" height=\"691\" srcset=\"https:\/\/www.waldbar.com\/wp-content\/uploads\/2016\/08\/IMG_1911.jpg 1037w, https:\/\/www.waldbar.com\/wp-content\/uploads\/2016\/08\/IMG_1911-300x200.jpg 300w, https:\/\/www.waldbar.com\/wp-content\/uploads\/2016\/08\/IMG_1911-768x512.jpg 768w, https:\/\/www.waldbar.com\/wp-content\/uploads\/2016\/08\/IMG_1911-1024x682.jpg 1024w, https:\/\/www.waldbar.com\/wp-content\/uploads\/2016\/08\/IMG_1911-272x182.jpg 272w, https:\/\/www.waldbar.com\/wp-content\/uploads\/2016\/08\/IMG_1911-120x80.jpg 120w\" sizes=\"(max-width: 1037px) 100vw, 1037px\" alt=\"\" loading=\"lazy\" \t\tclass=\"so-widget-image\"\/>\n\t<\/div>\n\n<\/div><\/div><\/div><div id=\"pgc-35-2-3\"  class=\"panel-grid-cell\" ><div id=\"panel-35-2-3-0\" class=\"so-panel widget widget_sow-image panel-first-child panel-last-child\" data-index=\"8\" ><div\n\t\t\t\n\t\t\tclass=\"so-widget-sow-image so-widget-sow-image-default-8b5b6f678277-35\"\n\t\t\t\n\t\t>\n\n<div class=\"sow-image-container\">\n\t\t<img decoding=\"async\" src=\"https:\/\/www.waldbar.com\/wp-content\/uploads\/2016\/08\/IMG_1913.jpg\" width=\"1037\" height=\"691\" srcset=\"https:\/\/www.waldbar.com\/wp-content\/uploads\/2016\/08\/IMG_1913.jpg 1037w, https:\/\/www.waldbar.com\/wp-content\/uploads\/2016\/08\/IMG_1913-300x200.jpg 300w, https:\/\/www.waldbar.com\/wp-content\/uploads\/2016\/08\/IMG_1913-768x512.jpg 768w, https:\/\/www.waldbar.com\/wp-content\/uploads\/2016\/08\/IMG_1913-1024x682.jpg 1024w, https:\/\/www.waldbar.com\/wp-content\/uploads\/2016\/08\/IMG_1913-272x182.jpg 272w, https:\/\/www.waldbar.com\/wp-content\/uploads\/2016\/08\/IMG_1913-120x80.jpg 120w\" sizes=\"(max-width: 1037px) 100vw, 1037px\" alt=\"\" loading=\"lazy\" \t\tclass=\"so-widget-image\"\/>\n\t<\/div>\n\n<\/div><\/div><\/div><\/div><div id=\"pg-35-3\"  class=\"panel-grid panel-no-style\" ><div id=\"pgc-35-3-0\"  class=\"panel-grid-cell\" ><div id=\"panel-35-3-0-0\" class=\"so-panel widget widget_sow-image panel-first-child panel-last-child\" data-index=\"9\" ><div\n\t\t\t\n\t\t\tclass=\"so-widget-sow-image so-widget-sow-image-default-8b5b6f678277-35\"\n\t\t\t\n\t\t>\n\n<div class=\"sow-image-container\">\n\t\t<img decoding=\"async\" src=\"https:\/\/www.waldbar.com\/wp-content\/uploads\/2016\/08\/IMG_1924.jpg\" width=\"1037\" height=\"691\" srcset=\"https:\/\/www.waldbar.com\/wp-content\/uploads\/2016\/08\/IMG_1924.jpg 1037w, https:\/\/www.waldbar.com\/wp-content\/uploads\/2016\/08\/IMG_1924-300x200.jpg 300w, https:\/\/www.waldbar.com\/wp-content\/uploads\/2016\/08\/IMG_1924-768x512.jpg 768w, https:\/\/www.waldbar.com\/wp-content\/uploads\/2016\/08\/IMG_1924-1024x682.jpg 1024w, https:\/\/www.waldbar.com\/wp-content\/uploads\/2016\/08\/IMG_1924-272x182.jpg 272w, https:\/\/www.waldbar.com\/wp-content\/uploads\/2016\/08\/IMG_1924-120x80.jpg 120w\" sizes=\"(max-width: 1037px) 100vw, 1037px\" alt=\"\" loading=\"lazy\" \t\tclass=\"so-widget-image\"\/>\n\t<\/div>\n\n<\/div><\/div><\/div><div id=\"pgc-35-3-1\"  class=\"panel-grid-cell\" ><div id=\"panel-35-3-1-0\" class=\"so-panel widget widget_sow-image panel-first-child panel-last-child\" data-index=\"10\" ><div\n\t\t\t\n\t\t\tclass=\"so-widget-sow-image so-widget-sow-image-default-8b5b6f678277-35\"\n\t\t\t\n\t\t>\n\n<div class=\"sow-image-container\">\n\t\t<img decoding=\"async\" src=\"https:\/\/www.waldbar.com\/wp-content\/uploads\/2016\/08\/IMG_1937.jpg\" width=\"1037\" height=\"691\" srcset=\"https:\/\/www.waldbar.com\/wp-content\/uploads\/2016\/08\/IMG_1937.jpg 1037w, https:\/\/www.waldbar.com\/wp-content\/uploads\/2016\/08\/IMG_1937-300x200.jpg 300w, https:\/\/www.waldbar.com\/wp-content\/uploads\/2016\/08\/IMG_1937-768x512.jpg 768w, https:\/\/www.waldbar.com\/wp-content\/uploads\/2016\/08\/IMG_1937-1024x682.jpg 1024w, https:\/\/www.waldbar.com\/wp-content\/uploads\/2016\/08\/IMG_1937-272x182.jpg 272w, https:\/\/www.waldbar.com\/wp-content\/uploads\/2016\/08\/IMG_1937-120x80.jpg 120w\" sizes=\"(max-width: 1037px) 100vw, 1037px\" alt=\"\" loading=\"lazy\" \t\tclass=\"so-widget-image\"\/>\n\t<\/div>\n\n<\/div><\/div><\/div><div id=\"pgc-35-3-2\"  class=\"panel-grid-cell\" ><div id=\"panel-35-3-2-0\" class=\"so-panel widget widget_sow-image panel-first-child panel-last-child\" data-index=\"11\" ><div\n\t\t\t\n\t\t\tclass=\"so-widget-sow-image so-widget-sow-image-default-8b5b6f678277-35\"\n\t\t\t\n\t\t>\n\n<div class=\"sow-image-container\">\n\t\t<img decoding=\"async\" src=\"https:\/\/www.waldbar.com\/wp-content\/uploads\/2016\/08\/IMG_1917.jpg\" width=\"1037\" height=\"691\" srcset=\"https:\/\/www.waldbar.com\/wp-content\/uploads\/2016\/08\/IMG_1917.jpg 1037w, https:\/\/www.waldbar.com\/wp-content\/uploads\/2016\/08\/IMG_1917-300x200.jpg 300w, https:\/\/www.waldbar.com\/wp-content\/uploads\/2016\/08\/IMG_1917-768x512.jpg 768w, https:\/\/www.waldbar.com\/wp-content\/uploads\/2016\/08\/IMG_1917-1024x682.jpg 1024w, https:\/\/www.waldbar.com\/wp-content\/uploads\/2016\/08\/IMG_1917-272x182.jpg 272w, https:\/\/www.waldbar.com\/wp-content\/uploads\/2016\/08\/IMG_1917-120x80.jpg 120w\" sizes=\"(max-width: 1037px) 100vw, 1037px\" alt=\"\" loading=\"lazy\" \t\tclass=\"so-widget-image\"\/>\n\t<\/div>\n\n<\/div><\/div><\/div><div id=\"pgc-35-3-3\"  class=\"panel-grid-cell\" ><div id=\"panel-35-3-3-0\" class=\"so-panel widget widget_sow-image panel-first-child panel-last-child\" data-index=\"12\" ><div\n\t\t\t\n\t\t\tclass=\"so-widget-sow-image so-widget-sow-image-default-8b5b6f678277-35\"\n\t\t\t\n\t\t>\n\n<div class=\"sow-image-container\">\n\t\t<img decoding=\"async\" src=\"https:\/\/www.waldbar.com\/wp-content\/uploads\/2016\/08\/IMG_1922.jpg\" width=\"1037\" height=\"691\" srcset=\"https:\/\/www.waldbar.com\/wp-content\/uploads\/2016\/08\/IMG_1922.jpg 1037w, https:\/\/www.waldbar.com\/wp-content\/uploads\/2016\/08\/IMG_1922-300x200.jpg 300w, https:\/\/www.waldbar.com\/wp-content\/uploads\/2016\/08\/IMG_1922-768x512.jpg 768w, https:\/\/www.waldbar.com\/wp-content\/uploads\/2016\/08\/IMG_1922-1024x682.jpg 1024w, https:\/\/www.waldbar.com\/wp-content\/uploads\/2016\/08\/IMG_1922-272x182.jpg 272w, https:\/\/www.waldbar.com\/wp-content\/uploads\/2016\/08\/IMG_1922-120x80.jpg 120w\" sizes=\"(max-width: 1037px) 100vw, 1037px\" alt=\"\" loading=\"lazy\" \t\tclass=\"so-widget-image\"\/>\n\t<\/div>\n\n<\/div><\/div><\/div><\/div><\/div>","protected":false},"excerpt":{"rendered":"<p>TRADITION MIT MODERNEM EVENT-CHARAKTER Die Waldbar bietet Ihnen in Kooperation mit erfahrenen Mescheder Caterern und Gastronomen vielf\u00e4ltige M\u00f6glichkeiten unterschiedliche Anl\u00e4sse in gem\u00fctlicher aber auch moderner Atmosph\u00e4re zu feiern. Ob Sie Ihre Feier in Eigenregie managen m\u00f6chten oder ob Sie sich f\u00fcr unsere Packages inklusive Service und Catering entscheiden. Eine Feier im Winter oder im Sommer, [&hellip;]<\/p>\n","protected":false},"author":1,"featured_media":37,"parent":0,"menu_order":2,"comment_status":"closed","ping_status":"closed","template":"","meta":{"footnotes":""},"_links":{"self":[{"href":"https:\/\/www.waldbar.com\/index.php?rest_route=\/wp\/v2\/pages\/35"}],"collection":[{"href":"https:\/\/www.waldbar.com\/index.php?rest_route=\/wp\/v2\/pages"}],"about":[{"href":"https:\/\/www.waldbar.com\/index.php?rest_route=\/wp\/v2\/types\/page"}],"author":[{"embeddable":true,"href":"https:\/\/www.waldbar.com\/index.php?rest_route=\/wp\/v2\/users\/1"}],"replies":[{"embeddable":true,"href":"https:\/\/www.waldbar.com\/index.php?rest_route=%2Fwp%2Fv2%2Fcomments&post=35"}],"version-history":[{"count":19,"href":"https:\/\/www.waldbar.com\/index.php?rest_route=\/wp\/v2\/pages\/35\/revisions"}],"predecessor-version":[{"id":173,"href":"https:\/\/www.waldbar.com\/index.php?rest_route=\/wp\/v2\/pages\/35\/revisions\/173"}],"wp:featuredmedia":[{"embeddable":true,"href":"https:\/\/www.waldbar.com\/index.php?rest_route=\/wp\/v2\/media\/37"}],"wp:attachment":[{"href":"https:\/\/www.waldbar.com\/index.php?rest_route=%2Fwp%2Fv2%2Fmedia&parent=35"}],"curies":[{"name":"wp","href":"https:\/\/api.w.org\/{rel}","templated":true}]}}